{"id":1414,"date":"2024-05-22T10:01:12","date_gmt":"2024-05-22T08:01:12","guid":{"rendered":"https:\/\/www.dehaanwatersport.nl\/ueber-uns\/"},"modified":"2025-08-11T10:04:01","modified_gmt":"2025-08-11T08:04:01","slug":"ueber-uns","status":"publish","type":"page","link":"https:\/\/dehaanwatersport.nl\/de\/ueber-uns\/","title":{"rendered":"\u00dcber uns"},"content":{"rendered":"<section class=\"l-section wpb_row us_custom_b34b95d0 height_huge with_shape\"><div class=\"l-section-shape type_custom pos_bottom\" style=\"height:4vmin;color:#edf9f4\"><?xml version=\"1.0\" encoding=\"iso-8859-1\"?>\n<!-- Generator: Adobe Illustrator 28.4.1, SVG Export Plug-In . SVG Version: 6.00 Build 0)  -->\n<svg version=\"1.1\" id=\"Laag_1\" xmlns=\"http:\/\/www.w3.org\/2000\/svg\" xmlns:xlink=\"http:\/\/www.w3.org\/1999\/xlink\" x=\"0px\" y=\"0px\"\n\t viewBox=\"0 0 1038.724 41.642\" style=\"enable-background:new 0 0 1038.724 41.642;\" xml:space=\"preserve\">\n<path style=\"fill:#EDF6F2;\" d=\"M0.012,19.312v22.33h1038.712v-22.33c-51.93,0-51.93-9.858-103.872-9.858\n\tc-51.943,0-51.93,9.858-103.873,9.858c-51.942,0-51.93-9.858-103.872-9.858c-51.943,0-51.93,9.858-103.873,9.858\n\tc-51.942,0-51.93-9.858-103.872-9.858s-51.93,9.858-103.872,9.858c-51.943,0-51.931-9.858-103.873-9.858s-51.93,9.858-103.872,9.858\n\tc-51.943,0-51.943-9.858-103.873-9.858S51.93,19.312,0,19.312H0.012z\"\/>\n<\/svg>\n<\/div><div class=\"l-section-h i-cf\"><div class=\"g-cols vc_row via_grid cols_1 laptops-cols_inherit tablets-cols_inherit mobiles-cols_1 valign_middle type_default stacking_default\"><div class=\"wpb_column vc_column_container\"><div class=\"vc_column-inner\">[vc_custom_heading text=&#8220;Wassersportler im Herzen.&#8220; font_container=&#8220;tag:h2|font_size:70px|text_align:center|color:%23ffffff&#8220; use_theme_fonts=&#8220;yes&#8220; css=&#8220;%7B%22default%22%3A%7B%22font-size%22%3A%2270px%22%2C%22margin-top%22%3A%22250px%22%2C%22text-shadow-h-offset%22%3A%225px%22%2C%22text-shadow-v-offset%22%3A%225px%22%2C%22text-shadow-blur%22%3A%225px%22%2C%22text-shadow-color%22%3A%22rgba%2815%2C19%2C31%2C0.23%29%22%7D%2C%22laptops%22%3A%7B%22font-size%22%3A%2270px%22%2C%22margin-top%22%3A%22250px%22%7D%2C%22tablets%22%3A%7B%22font-size%22%3A%2245px%22%2C%22margin-top%22%3A%22250px%22%7D%2C%22mobiles%22%3A%7B%22font-size%22%3A%2225px%22%2C%22margin-top%22%3A%22150px%22%7D%7D&#8220;]<\/div><\/div><\/div><\/div><\/section><section class=\"l-section wpb_row height_medium\"><div class=\"l-section-h i-cf\"><div class=\"g-cols vc_row via_grid cols_2 laptops-cols_inherit tablets-cols_inherit mobiles-cols_1 valign_top type_default stacking_default\"><div class=\"wpb_column vc_column_container type_sticky\"><div class=\"vc_column-inner\"><div class=\"w-image us_custom_213e151c align_none\"><div class=\"w-image-h\"><img decoding=\"async\" width=\"842\" height=\"520\" src=\"https:\/\/dehaanwatersport.nl\/wp-content\/uploads\/2024\/07\/DeHaan-Watersport-overons-frank-maureen.jpg\" class=\"attachment-large size-large\" alt=\"De Haan Watersport sloepverhuur valkverhuur ligplaatsen Workum\" loading=\"lazy\" srcset=\"https:\/\/dehaanwatersport.nl\/wp-content\/uploads\/2024\/07\/DeHaan-Watersport-overons-frank-maureen.jpg 842w, https:\/\/dehaanwatersport.nl\/wp-content\/uploads\/2024\/07\/DeHaan-Watersport-overons-frank-maureen-300x185.jpg 300w\" sizes=\"auto, (max-width: 842px) 100vw, 842px\" \/><\/div><\/div><\/div><\/div><div class=\"wpb_column vc_column_container\"><div class=\"vc_column-inner\"><div class=\"wpb_text_column\"><div class=\"wpb_wrapper\"><div>\n<p class=\"Body\"><span lang=\"DE\">Wir sind Frank und Maureen, Wassersportler im Herzen. <\/span>Wir vermieten Segelboote und Motorboote. Unsere Polyvalks und Schaluppen, sind so ausger\u00fcstet und gepflegt, als w\u00fcrden wir sie selbst nutzen. Was wir oft tun. So gehen Sie mit der besten Ausr\u00fcstung auf das Wasser. Wir zeigen Ihnen die besten Routen, ma\u00dfgeschneidert f\u00fcr Ihre W\u00fcnsche und Ideen. Und nat\u00fcrlich erkl\u00e4ren wir Ihnen pers\u00f6nlich alles, was Sie rund um Ihr Boote wissen wollen. Und wenn es hilft, segeln wir auch eine Weile mit Ihnen \u2013 damit Ihr Trip perfekt wird.<\/p>\n<\/div>\n<\/div><\/div><\/div><\/div><\/div><\/div><\/section><section class=\"l-section wpb_row height_auto\"><div class=\"l-section-h i-cf\"><div class=\"g-cols vc_row via_grid cols_1 laptops-cols_inherit tablets-cols_inherit mobiles-cols_1 valign_top type_default stacking_default\"><div class=\"wpb_column vc_column_container\"><div class=\"vc_column-inner\"><div class=\"w-separator size_small with_line width_default thick_3 style_dashed color_border align_center\"><div class=\"w-separator-h\"><\/div><\/div><\/div><\/div><\/div><\/div><\/section><section class=\"l-section wpb_row height_medium\"><div class=\"l-section-h i-cf\"><div class=\"g-cols vc_row via_grid cols_1 laptops-cols_inherit tablets-cols_inherit mobiles-cols_1 valign_top type_default stacking_default\"><div class=\"wpb_column vc_column_container\"><div class=\"vc_column-inner\"><div class=\"wpb_text_column us_custom_c1ff4986 has_text_color\"><div class=\"wpb_wrapper\"><h3 style=\"text-align: center;\"><strong>Fragen oder Reservierungen? <\/strong><\/h3>\n<\/div><\/div><div class=\"w-separator size_small\"><\/div><div class=\"wpb_text_column us_custom_0bf7d1a8\"><div class=\"wpb_wrapper\"><p style=\"text-align: center;\"><span>Sie m\u00f6chten eine Schaluppe oder eine Segelbootes mieten? Sie m\u00f6chten die Verf\u00fcgbarkeiten checken? Oder haben Sie eine andere Frage? Rufen Sie Frank unter der untenstehenden Nummer an. Wir beantworten alle Ihre Fragen in k\u00fcrzester Zeit. <\/span><\/p>\n<\/div><\/div><div class=\"w-separator size_small\"><\/div><div class=\"w-vwrapper align_center valign_middle\" style=\"--vwrapper-gap:0.7rem\"><div class=\"w-btn-wrapper align_none\"><a class=\"w-btn us-btn-style_1\" href=\"https:\/\/www.dehaanwatersport.nl\/de\/reservieren\/\"><span class=\"w-btn-label\">Jetzt reservieren<\/span><\/a><\/div><div class=\"w-btn-wrapper align_none\"><a class=\"w-btn us-btn-style_6\" href=\"tel:+31515541797\"><span class=\"w-btn-label\">+31 (0) 515 541 797<\/span><\/a><\/div><\/div><\/div><\/div><\/div><\/div><\/section>\n","protected":false},"excerpt":{"rendered":"[vc_custom_heading text=\"Wassersportler im Herzen.\" font_container=\"tag:h2|font_size:70px|text_align:center|color:%23ffffff\" use_theme_fonts=\"yes\" css=\"%7B%22default%22%3A%7B%22font-size%22%3A%2270px%22%2C%22margin-top%22%3A%22250px%22%2C%22text-shadow-h-offset%22%3A%225px%22%2C%22text-shadow-v-offset%22%3A%225px%22%2C%22text-shadow-blur%22%3A%225px%22%2C%22text-shadow-color%22%3A%22rgba%2815%2C19%2C31%2C0.23%29%22%7D%2C%22laptops%22%3A%7B%22font-size%22%3A%2270px%22%2C%22margin-top%22%3A%22250px%22%7D%2C%22tablets%22%3A%7B%22font-size%22%3A%2245px%22%2C%22margin-top%22%3A%22250px%22%7D%2C%22mobiles%22%3A%7B%22font-size%22%3A%2225px%22%2C%22margin-top%22%3A%22150px%22%7D%7D\"] Wir sind Frank und Maureen, Wassersportler im Herzen. Wir vermieten Segelboote und Motorboote. Unsere Polyvalks und Schaluppen, sind so ausger\u00fcstet und gepflegt, als w\u00fcrden wir sie selbst nutzen. Was wir oft tun. So gehen Sie mit der besten Ausr\u00fcstung auf das Wasser. Wir zeigen Ihnen die besten Routen,...","protected":false},"author":1,"featured_media":1112,"parent":0,"menu_order":0,"comment_status":"closed","ping_status":"closed","template":"","meta":{"_acf_changed":false,"_joinchat":[],"footnotes":""},"class_list":["post-1414","page","type-page","status-publish","has-post-thumbnail","hentry"],"acf":[],"yoast_head":"<!-- This site is optimized with the Yoast SEO plugin v27.5 - https:\/\/yoast.com\/product\/yoast-seo-wordpress\/ -->\n<title>\u00dcber uns | De Haan Watersport<\/title>\n<meta name=\"description\" content=\"Wir sind Frank und Maureen. Wassersportler aus Leidenschaft. Wir vermieten Polyvalken und Boote so, wie wir finden, dass es sein sollte.\" \/>\n<meta name=\"robots\" content=\"index, follow, max-snippet:-1, max-image-preview:large, max-video-preview:-1\" \/>\n<link rel=\"canonical\" href=\"https:\/\/dehaanwatersport.nl\/de\/ueber-uns\/\" \/>\n<meta property=\"og:locale\" content=\"de_DE\" \/>\n<meta property=\"og:type\" content=\"article\" \/>\n<meta property=\"og:title\" content=\"\u00dcber uns | De Haan Watersport\" \/>\n<meta property=\"og:description\" content=\"Wir sind Frank und Maureen. Wassersportler aus Leidenschaft. Wir vermieten Polyvalken und Boote so, wie wir finden, dass es sein sollte.\" \/>\n<meta property=\"og:url\" content=\"https:\/\/dehaanwatersport.nl\/de\/ueber-uns\/\" \/>\n<meta property=\"og:site_name\" content=\"De Haan Watersport\" \/>\n<meta property=\"article:modified_time\" content=\"2025-08-11T08:04:01+00:00\" \/>\n<meta property=\"og:image\" content=\"https:\/\/dehaanwatersport.nl\/wp-content\/uploads\/2024\/07\/DeHaan-Watersport-overons-frank-maureen.jpg\" \/>\n\t<meta property=\"og:image:width\" content=\"842\" \/>\n\t<meta property=\"og:image:height\" content=\"520\" \/>\n\t<meta property=\"og:image:type\" content=\"image\/jpeg\" \/>\n<meta name=\"twitter:card\" content=\"summary_large_image\" \/>\n<meta name=\"twitter:label1\" content=\"Gesch\u00e4tzte Lesezeit\" \/>\n\t<meta name=\"twitter:data1\" content=\"2\u00a0Minuten\" \/>\n<script type=\"application\/ld+json\" class=\"yoast-schema-graph\">{\"@context\":\"https:\\\/\\\/schema.org\",\"@graph\":[{\"@type\":\"WebPage\",\"@id\":\"https:\\\/\\\/dehaanwatersport.nl\\\/de\\\/ueber-uns\\\/\",\"url\":\"https:\\\/\\\/dehaanwatersport.nl\\\/de\\\/ueber-uns\\\/\",\"name\":\"\u00dcber uns | De Haan Watersport\",\"isPartOf\":{\"@id\":\"https:\\\/\\\/dehaanwatersport.nl\\\/de\\\/#website\"},\"primaryImageOfPage\":{\"@id\":\"https:\\\/\\\/dehaanwatersport.nl\\\/de\\\/ueber-uns\\\/#primaryimage\"},\"image\":{\"@id\":\"https:\\\/\\\/dehaanwatersport.nl\\\/de\\\/ueber-uns\\\/#primaryimage\"},\"thumbnailUrl\":\"https:\\\/\\\/dehaanwatersport.nl\\\/wp-content\\\/uploads\\\/2024\\\/07\\\/DeHaan-Watersport-overons-frank-maureen.jpg\",\"datePublished\":\"2024-05-22T08:01:12+00:00\",\"dateModified\":\"2025-08-11T08:04:01+00:00\",\"description\":\"Wir sind Frank und Maureen. Wassersportler aus Leidenschaft. Wir vermieten Polyvalken und Boote so, wie wir finden, dass es sein sollte.\",\"breadcrumb\":{\"@id\":\"https:\\\/\\\/dehaanwatersport.nl\\\/de\\\/ueber-uns\\\/#breadcrumb\"},\"inLanguage\":\"de\",\"potentialAction\":[{\"@type\":\"ReadAction\",\"target\":[\"https:\\\/\\\/dehaanwatersport.nl\\\/de\\\/ueber-uns\\\/\"]}]},{\"@type\":\"ImageObject\",\"inLanguage\":\"de\",\"@id\":\"https:\\\/\\\/dehaanwatersport.nl\\\/de\\\/ueber-uns\\\/#primaryimage\",\"url\":\"https:\\\/\\\/dehaanwatersport.nl\\\/wp-content\\\/uploads\\\/2024\\\/07\\\/DeHaan-Watersport-overons-frank-maureen.jpg\",\"contentUrl\":\"https:\\\/\\\/dehaanwatersport.nl\\\/wp-content\\\/uploads\\\/2024\\\/07\\\/DeHaan-Watersport-overons-frank-maureen.jpg\",\"width\":842,\"height\":520,\"caption\":\"De Haan Watersport sloepverhuur valkverhuur ligplaatsen Workum\"},{\"@type\":\"BreadcrumbList\",\"@id\":\"https:\\\/\\\/dehaanwatersport.nl\\\/de\\\/ueber-uns\\\/#breadcrumb\",\"itemListElement\":[{\"@type\":\"ListItem\",\"position\":1,\"name\":\"Home\",\"item\":\"https:\\\/\\\/dehaanwatersport.nl\\\/de\\\/\"},{\"@type\":\"ListItem\",\"position\":2,\"name\":\"\u00dcber uns\"}]},{\"@type\":\"WebSite\",\"@id\":\"https:\\\/\\\/dehaanwatersport.nl\\\/de\\\/#website\",\"url\":\"https:\\\/\\\/dehaanwatersport.nl\\\/de\\\/\",\"name\":\"De Haan Watersport\",\"description\":\"\",\"potentialAction\":[{\"@type\":\"SearchAction\",\"target\":{\"@type\":\"EntryPoint\",\"urlTemplate\":\"https:\\\/\\\/dehaanwatersport.nl\\\/de\\\/?s={search_term_string}\"},\"query-input\":{\"@type\":\"PropertyValueSpecification\",\"valueRequired\":true,\"valueName\":\"search_term_string\"}}],\"inLanguage\":\"de\"}]}<\/script>\n<!-- \/ Yoast SEO plugin. -->","yoast_head_json":{"title":"\u00dcber uns | De Haan Watersport","description":"Wir sind Frank und Maureen. Wassersportler aus Leidenschaft. Wir vermieten Polyvalken und Boote so, wie wir finden, dass es sein sollte.","robots":{"index":"index","follow":"follow","max-snippet":"max-snippet:-1","max-image-preview":"max-image-preview:large","max-video-preview":"max-video-preview:-1"},"canonical":"https:\/\/dehaanwatersport.nl\/de\/ueber-uns\/","og_locale":"de_DE","og_type":"article","og_title":"\u00dcber uns | De Haan Watersport","og_description":"Wir sind Frank und Maureen. Wassersportler aus Leidenschaft. Wir vermieten Polyvalken und Boote so, wie wir finden, dass es sein sollte.","og_url":"https:\/\/dehaanwatersport.nl\/de\/ueber-uns\/","og_site_name":"De Haan Watersport","article_modified_time":"2025-08-11T08:04:01+00:00","og_image":[{"width":842,"height":520,"url":"https:\/\/dehaanwatersport.nl\/wp-content\/uploads\/2024\/07\/DeHaan-Watersport-overons-frank-maureen.jpg","type":"image\/jpeg"}],"twitter_card":"summary_large_image","twitter_misc":{"Gesch\u00e4tzte Lesezeit":"2\u00a0Minuten"},"schema":{"@context":"https:\/\/schema.org","@graph":[{"@type":"WebPage","@id":"https:\/\/dehaanwatersport.nl\/de\/ueber-uns\/","url":"https:\/\/dehaanwatersport.nl\/de\/ueber-uns\/","name":"\u00dcber uns | De Haan Watersport","isPartOf":{"@id":"https:\/\/dehaanwatersport.nl\/de\/#website"},"primaryImageOfPage":{"@id":"https:\/\/dehaanwatersport.nl\/de\/ueber-uns\/#primaryimage"},"image":{"@id":"https:\/\/dehaanwatersport.nl\/de\/ueber-uns\/#primaryimage"},"thumbnailUrl":"https:\/\/dehaanwatersport.nl\/wp-content\/uploads\/2024\/07\/DeHaan-Watersport-overons-frank-maureen.jpg","datePublished":"2024-05-22T08:01:12+00:00","dateModified":"2025-08-11T08:04:01+00:00","description":"Wir sind Frank und Maureen. Wassersportler aus Leidenschaft. Wir vermieten Polyvalken und Boote so, wie wir finden, dass es sein sollte.","breadcrumb":{"@id":"https:\/\/dehaanwatersport.nl\/de\/ueber-uns\/#breadcrumb"},"inLanguage":"de","potentialAction":[{"@type":"ReadAction","target":["https:\/\/dehaanwatersport.nl\/de\/ueber-uns\/"]}]},{"@type":"ImageObject","inLanguage":"de","@id":"https:\/\/dehaanwatersport.nl\/de\/ueber-uns\/#primaryimage","url":"https:\/\/dehaanwatersport.nl\/wp-content\/uploads\/2024\/07\/DeHaan-Watersport-overons-frank-maureen.jpg","contentUrl":"https:\/\/dehaanwatersport.nl\/wp-content\/uploads\/2024\/07\/DeHaan-Watersport-overons-frank-maureen.jpg","width":842,"height":520,"caption":"De Haan Watersport sloepverhuur valkverhuur ligplaatsen Workum"},{"@type":"BreadcrumbList","@id":"https:\/\/dehaanwatersport.nl\/de\/ueber-uns\/#breadcrumb","itemListElement":[{"@type":"ListItem","position":1,"name":"Home","item":"https:\/\/dehaanwatersport.nl\/de\/"},{"@type":"ListItem","position":2,"name":"\u00dcber uns"}]},{"@type":"WebSite","@id":"https:\/\/dehaanwatersport.nl\/de\/#website","url":"https:\/\/dehaanwatersport.nl\/de\/","name":"De Haan Watersport","description":"","potentialAction":[{"@type":"SearchAction","target":{"@type":"EntryPoint","urlTemplate":"https:\/\/dehaanwatersport.nl\/de\/?s={search_term_string}"},"query-input":{"@type":"PropertyValueSpecification","valueRequired":true,"valueName":"search_term_string"}}],"inLanguage":"de"}]}},"_links":{"self":[{"href":"https:\/\/dehaanwatersport.nl\/de\/wp-json\/wp\/v2\/pages\/1414","targetHints":{"allow":["GET"]}}],"collection":[{"href":"https:\/\/dehaanwatersport.nl\/de\/wp-json\/wp\/v2\/pages"}],"about":[{"href":"https:\/\/dehaanwatersport.nl\/de\/wp-json\/wp\/v2\/types\/page"}],"author":[{"embeddable":true,"href":"https:\/\/dehaanwatersport.nl\/de\/wp-json\/wp\/v2\/users\/1"}],"replies":[{"embeddable":true,"href":"https:\/\/dehaanwatersport.nl\/de\/wp-json\/wp\/v2\/comments?post=1414"}],"version-history":[{"count":5,"href":"https:\/\/dehaanwatersport.nl\/de\/wp-json\/wp\/v2\/pages\/1414\/revisions"}],"predecessor-version":[{"id":1722,"href":"https:\/\/dehaanwatersport.nl\/de\/wp-json\/wp\/v2\/pages\/1414\/revisions\/1722"}],"wp:featuredmedia":[{"embeddable":true,"href":"https:\/\/dehaanwatersport.nl\/de\/wp-json\/wp\/v2\/media\/1112"}],"wp:attachment":[{"href":"https:\/\/dehaanwatersport.nl\/de\/wp-json\/wp\/v2\/media?parent=1414"}],"curies":[{"name":"wp","href":"https:\/\/api.w.org\/{rel}","templated":true}]}}